{"id":1915,"date":"2026-01-10T11:52:48","date_gmt":"2026-01-10T04:52:48","guid":{"rendered":"https:\/\/mek-tex.com\/?page_id=1915"},"modified":"2026-02-10T13:52:55","modified_gmt":"2026-02-10T06:52:55","slug":"chinh-sach","status":"publish","type":"page","link":"https:\/\/mek-tex.com\/en\/chinh-sach\/","title":{"rendered":"Policies"},"content":{"rendered":"<h4><strong>Company Policy \u2013 Mektex<\/strong><\/h4>\n<p>Mektex is committed to delivering <strong>sofa v\u00e0 n\u1ec7m ch\u1ea5t l\u01b0\u1ee3ng cao<\/strong>, that meet both domestic and international market standards.<\/p>\n<p>We are committed to:<\/p>\n<ul>\n<li>Maintaining<strong> top-quality standards<\/strong> in every production stage<\/li>\n<li>Putting <strong>customers at the center<\/strong> of our business<\/li>\n<li>Continuously driving<strong> innovation in design, materials, and technology <\/strong><\/li>\n<li>Promoting <strong>sustainable and environmentally responsible manufacturing <\/strong><\/li>\n<li>Fostering a<strong> professional, transparent, and continuously improving workplace <\/strong><\/li>\n<\/ul>\n<p>Mektex aims to be a <strong>trusted long-term partner and a leading international brand<\/strong> in the sofa and cushion industry.<\/p>\n<p><strong>\u201cQuality Where Life Begins.\u201d<\/strong><\/p>","protected":false},"excerpt":{"rendered":"<p>Ch\u00ednh s\u00e1ch C\u00f4ng ty \u2013 Mektex Mektex cam k\u1ebft cung c\u1ea5p c\u00e1c s\u1ea3n ph\u1ea9m sofa v\u00e0 n\u1ec7m ch\u1ea5t l\u01b0\u1ee3ng cao, b\u1ec1n \u0111\u1eb9p v\u00e0 tho\u1ea3i m\u00e1i,&#8230;<\/p>","protected":false},"author":1,"featured_media":0,"parent":0,"menu_order":0,"comment_status":"closed","ping_status":"closed","template":"","meta":{"footnotes":""},"class_list":["post-1915","page","type-page","status-publish","hentry"],"_links":{"self":[{"href":"https:\/\/mek-tex.com\/en\/wp-json\/wp\/v2\/pages\/1915","targetHints":{"allow":["GET"]}}],"collection":[{"href":"https:\/\/mek-tex.com\/en\/wp-json\/wp\/v2\/pages"}],"about":[{"href":"https:\/\/mek-tex.com\/en\/wp-json\/wp\/v2\/types\/page"}],"author":[{"embeddable":true,"href":"https:\/\/mek-tex.com\/en\/wp-json\/wp\/v2\/users\/1"}],"replies":[{"embeddable":true,"href":"https:\/\/mek-tex.com\/en\/wp-json\/wp\/v2\/comments?post=1915"}],"version-history":[{"count":6,"href":"https:\/\/mek-tex.com\/en\/wp-json\/wp\/v2\/pages\/1915\/revisions"}],"predecessor-version":[{"id":2702,"href":"https:\/\/mek-tex.com\/en\/wp-json\/wp\/v2\/pages\/1915\/revisions\/2702"}],"wp:attachment":[{"href":"https:\/\/mek-tex.com\/en\/wp-json\/wp\/v2\/media?parent=1915"}],"curies":[{"name":"wp","href":"https:\/\/api.w.org\/{rel}","templated":true}]}}