{"id":1618,"date":"2026-01-03T08:12:58","date_gmt":"2026-01-03T01:12:58","guid":{"rendered":"https:\/\/mek-tex.com\/?post_type=product&#038;p=1618"},"modified":"2026-02-09T09:09:35","modified_gmt":"2026-02-09T02:09:35","slug":"sofa-1s-2","status":"publish","type":"product","link":"https:\/\/mek-tex.com\/en\/product\/sofa-1s-2\/","title":{"rendered":"SOFA 1S &#8211; MK0011"},"content":{"rendered":"<p>&#8211; M\u00e3 s\u1ea3n ph\u1ea9m: MK0011<br \/>\n&#8211; Khung g\u1ed7 th\u00f4ng, v\u00e1n \u00e9p<br \/>\n&#8211; L\u00f3t mousse T25-H50<br \/>\n&#8211; B\u1ecdc v\u1ea3i nhung GODIVA-KD 1122-28<br \/>\n&#8211; Ch\u00e2n g\u1ed7 20F<\/p>","protected":false},"excerpt":{"rendered":"<p><span data-sheets-root=\"1\">&#8211; M\u00e3 s\u1ea3n ph\u1ea9m: MK0011<br \/>\n&#8211; Khung g\u1ed7 th\u00f4ng, v\u00e1n \u00e9p<br \/>\n&#8211; L\u00f3t mousse T25-H50<br \/>\n&#8211; B\u1ecdc v\u1ea3i nhung GODIVA-KD 1122-28<br \/>\n&#8211; Ch\u00e2n g\u1ed7 20F<br \/>\n<\/span><\/p>\n<p>&nbsp;<\/p>","protected":false},"featured_media":2473,"comment_status":"open","ping_status":"closed","template":"","meta":[],"etheme_brands":[],"product_brand":[],"product_cat":[69,68],"product_tag":[],"class_list":{"0":"post-1618","1":"product","2":"type-product","3":"status-publish","4":"has-post-thumbnail","6":"product_cat-ban-ghe","7":"product_cat-noi-that","9":"first","10":"instock","11":"shipping-taxable","12":"product-type-simple"},"_links":{"self":[{"href":"https:\/\/mek-tex.com\/en\/wp-json\/wp\/v2\/product\/1618","targetHints":{"allow":["GET"]}}],"collection":[{"href":"https:\/\/mek-tex.com\/en\/wp-json\/wp\/v2\/product"}],"about":[{"href":"https:\/\/mek-tex.com\/en\/wp-json\/wp\/v2\/types\/product"}],"replies":[{"embeddable":true,"href":"https:\/\/mek-tex.com\/en\/wp-json\/wp\/v2\/comments?post=1618"}],"version-history":[{"count":6,"href":"https:\/\/mek-tex.com\/en\/wp-json\/wp\/v2\/product\/1618\/revisions"}],"predecessor-version":[{"id":2479,"href":"https:\/\/mek-tex.com\/en\/wp-json\/wp\/v2\/product\/1618\/revisions\/2479"}],"wp:featuredmedia":[{"embeddable":true,"href":"https:\/\/mek-tex.com\/en\/wp-json\/wp\/v2\/media\/2473"}],"wp:attachment":[{"href":"https:\/\/mek-tex.com\/en\/wp-json\/wp\/v2\/media?parent=1618"}],"wp:term":[{"taxonomy":"brand","embeddable":true,"href":"https:\/\/mek-tex.com\/en\/wp-json\/wp\/v2\/etheme_brands?post=1618"},{"taxonomy":"product_brand","embeddable":true,"href":"https:\/\/mek-tex.com\/en\/wp-json\/wp\/v2\/product_brand?post=1618"},{"taxonomy":"product_cat","embeddable":true,"href":"https:\/\/mek-tex.com\/en\/wp-json\/wp\/v2\/product_cat?post=1618"},{"taxonomy":"product_tag","embeddable":true,"href":"https:\/\/mek-tex.com\/en\/wp-json\/wp\/v2\/product_tag?post=1618"}],"curies":[{"name":"wp","href":"https:\/\/api.w.org\/{rel}","templated":true}]}}