{"id":1624,"date":"2026-01-03T08:12:59","date_gmt":"2026-01-03T01:12:59","guid":{"rendered":"https:\/\/mek-tex.com\/?post_type=product&#038;p=1624"},"modified":"2026-02-06T16:15:39","modified_gmt":"2026-02-06T09:15:39","slug":"sofa-2s-7","status":"publish","type":"product","link":"https:\/\/mek-tex.com\/en\/product\/sofa-2s-7\/","title":{"rendered":"SOFA 2S &#8211; MK0016"},"content":{"rendered":"<p><span data-sheets-root=\"1\">&#8211; M\u00e3 s\u1ea3n ph\u1ea9m: MK0016<br \/>\n&#8211; Khung g\u1ed7 th\u00f4ng, v\u00e1n \u00e9p<br \/>\n&#8211; L\u00f3t mousse T28-H50<br \/>\n&#8211; B\u1ecdc simili H459-6, RG001-28<br \/>\n&#8211; Ch\u00e2n s\u1eaft s\u01a1n t\u0129nh \u0111i\u1ec7n 15F<br \/>\n&#8211; Vh\u00e2n g\u1ed7 5F<br \/>\n<\/span><\/p>","protected":false},"excerpt":{"rendered":"<p><span data-sheets-root=\"1\">&#8211; M\u00e3 s\u1ea3n ph\u1ea9m: MK0016<br \/>\n&#8211; Khung g\u1ed7 th\u00f4ng, v\u00e1n \u00e9p<br \/>\n&#8211; L\u00f3t mousse T28-H50<br \/>\n&#8211; B\u1ecdc simili H459-6, RG001-28<br \/>\n&#8211; Ch\u00e2n s\u1eaft s\u01a1n t\u0129nh \u0111i\u1ec7n 15F<br \/>\n&#8211; Vh\u00e2n g\u1ed7 5F<br \/>\n<\/span><\/p>","protected":false},"featured_media":2455,"comment_status":"open","ping_status":"closed","template":"","meta":[],"etheme_brands":[],"product_brand":[],"product_cat":[68],"product_tag":[],"class_list":{"0":"post-1624","1":"product","2":"type-product","3":"status-publish","4":"has-post-thumbnail","6":"product_cat-noi-that","8":"first","9":"instock","10":"shipping-taxable","11":"product-type-simple"},"_links":{"self":[{"href":"https:\/\/mek-tex.com\/en\/wp-json\/wp\/v2\/product\/1624","targetHints":{"allow":["GET"]}}],"collection":[{"href":"https:\/\/mek-tex.com\/en\/wp-json\/wp\/v2\/product"}],"about":[{"href":"https:\/\/mek-tex.com\/en\/wp-json\/wp\/v2\/types\/product"}],"replies":[{"embeddable":true,"href":"https:\/\/mek-tex.com\/en\/wp-json\/wp\/v2\/comments?post=1624"}],"version-history":[{"count":5,"href":"https:\/\/mek-tex.com\/en\/wp-json\/wp\/v2\/product\/1624\/revisions"}],"predecessor-version":[{"id":2354,"href":"https:\/\/mek-tex.com\/en\/wp-json\/wp\/v2\/product\/1624\/revisions\/2354"}],"wp:featuredmedia":[{"embeddable":true,"href":"https:\/\/mek-tex.com\/en\/wp-json\/wp\/v2\/media\/2455"}],"wp:attachment":[{"href":"https:\/\/mek-tex.com\/en\/wp-json\/wp\/v2\/media?parent=1624"}],"wp:term":[{"taxonomy":"brand","embeddable":true,"href":"https:\/\/mek-tex.com\/en\/wp-json\/wp\/v2\/etheme_brands?post=1624"},{"taxonomy":"product_brand","embeddable":true,"href":"https:\/\/mek-tex.com\/en\/wp-json\/wp\/v2\/product_brand?post=1624"},{"taxonomy":"product_cat","embeddable":true,"href":"https:\/\/mek-tex.com\/en\/wp-json\/wp\/v2\/product_cat?post=1624"},{"taxonomy":"product_tag","embeddable":true,"href":"https:\/\/mek-tex.com\/en\/wp-json\/wp\/v2\/product_tag?post=1624"}],"curies":[{"name":"wp","href":"https:\/\/api.w.org\/{rel}","templated":true}]}}