{"id":1625,"date":"2026-01-03T08:12:59","date_gmt":"2026-01-03T01:12:59","guid":{"rendered":"https:\/\/mek-tex.com\/?post_type=product&#038;p=1625"},"modified":"2026-02-09T15:55:41","modified_gmt":"2026-02-09T08:55:41","slug":"sofa-1s-3","status":"publish","type":"product","link":"https:\/\/mek-tex.com\/en\/product\/sofa-1s-3\/","title":{"rendered":"SOFA 1S &#8211; MK0017"},"content":{"rendered":"<p><span data-sheets-root=\"1\">&#8211; M\u00e3 s\u1ea3n ph\u1ea9m: MK0017<br \/>\n&#8211; Khung g\u1ed7 th\u00f4ng, v\u00e1n \u00e9p<br \/>\n&#8211; L\u00f3t mousse T28-H50<br \/>\n&#8211; B\u1ecdc v\u1ea3i l\u00f4ng c\u1eebu FP08609-01<br \/>\n&#8211; \u0110\u1ebf ch\u00e2n xoay \u00d8610<br \/>\n<\/span><\/p>","protected":false},"excerpt":{"rendered":"<p><span data-sheets-root=\"1\">&#8211; M\u00e3 s\u1ea3n ph\u1ea9m: MK0017<br \/>\n&#8211; Khung g\u1ed7 th\u00f4ng, v\u00e1n \u00e9p<br \/>\n&#8211; L\u00f3t mousse T28-H50<br \/>\n&#8211; B\u1ecdc v\u1ea3i l\u00f4ng c\u1eebu FP08609-01<br \/>\n&#8211; \u0110\u1ebf ch\u00e2n xoay \u00d8610<br \/>\n<\/span><\/p>","protected":false},"featured_media":2437,"comment_status":"open","ping_status":"closed","template":"","meta":[],"etheme_brands":[],"product_brand":[],"product_cat":[83,69,68],"product_tag":[],"class_list":{"0":"post-1625","1":"product","2":"type-product","3":"status-publish","4":"has-post-thumbnail","6":"product_cat-ban-chay","7":"product_cat-ban-ghe","8":"product_cat-noi-that","10":"first","11":"instock","12":"shipping-taxable","13":"product-type-simple"},"_links":{"self":[{"href":"https:\/\/mek-tex.com\/en\/wp-json\/wp\/v2\/product\/1625","targetHints":{"allow":["GET"]}}],"collection":[{"href":"https:\/\/mek-tex.com\/en\/wp-json\/wp\/v2\/product"}],"about":[{"href":"https:\/\/mek-tex.com\/en\/wp-json\/wp\/v2\/types\/product"}],"replies":[{"embeddable":true,"href":"https:\/\/mek-tex.com\/en\/wp-json\/wp\/v2\/comments?post=1625"}],"version-history":[{"count":5,"href":"https:\/\/mek-tex.com\/en\/wp-json\/wp\/v2\/product\/1625\/revisions"}],"predecessor-version":[{"id":2352,"href":"https:\/\/mek-tex.com\/en\/wp-json\/wp\/v2\/product\/1625\/revisions\/2352"}],"wp:featuredmedia":[{"embeddable":true,"href":"https:\/\/mek-tex.com\/en\/wp-json\/wp\/v2\/media\/2437"}],"wp:attachment":[{"href":"https:\/\/mek-tex.com\/en\/wp-json\/wp\/v2\/media?parent=1625"}],"wp:term":[{"taxonomy":"brand","embeddable":true,"href":"https:\/\/mek-tex.com\/en\/wp-json\/wp\/v2\/etheme_brands?post=1625"},{"taxonomy":"product_brand","embeddable":true,"href":"https:\/\/mek-tex.com\/en\/wp-json\/wp\/v2\/product_brand?post=1625"},{"taxonomy":"product_cat","embeddable":true,"href":"https:\/\/mek-tex.com\/en\/wp-json\/wp\/v2\/product_cat?post=1625"},{"taxonomy":"product_tag","embeddable":true,"href":"https:\/\/mek-tex.com\/en\/wp-json\/wp\/v2\/product_tag?post=1625"}],"curies":[{"name":"wp","href":"https:\/\/api.w.org\/{rel}","templated":true}]}}