{"id":1642,"date":"2026-01-03T08:13:19","date_gmt":"2026-01-03T01:13:19","guid":{"rendered":"https:\/\/mek-tex.com\/?post_type=product&#038;p=1642"},"modified":"2026-02-06T15:40:36","modified_gmt":"2026-02-06T08:40:36","slug":"sofa-giuong-2s","status":"publish","type":"product","link":"https:\/\/mek-tex.com\/en\/product\/sofa-giuong-2s\/","title":{"rendered":"2-SEATER SOFA BED \u2013 MK0018"},"content":{"rendered":"<p>&#8211; M\u00e3 s\u1ea3n ph\u1ea9m: MK0018<br \/>\n&#8211; Khung g\u1ed7 th\u00f4ng, v\u00e1n \u00e9p<br \/>\n&#8211; Mousse T<br \/>\n&#8211; V\u1ea3i PGY1803-04 kh\u1ed5 1.45<br \/>\n&#8211; B\u1ed9 p\u00e1t gi\u01b0\u1eddng v\u00e0 b\u1ed9 p\u00e1t g\u1eadp l\u01b0ng<br \/>\n&#8211; Ch\u00e2n g\u1ed7<\/p>","protected":false},"excerpt":{"rendered":"<p><span data-sheets-root=\"1\">&#8211; M\u00e3 s\u1ea3n ph\u1ea9m: MK0018<br \/>\n&#8211; Khung g\u1ed7 th\u00f4ng, v\u00e1n \u00e9p<\/span><br \/>\n<span data-sheets-root=\"1\">&#8211; Mousse T<br \/>\n&#8211; V\u1ea3i PGY1803-04 kh\u1ed5 1.45<br \/>\n&#8211; B\u1ed9 p\u00e1t gi\u01b0\u1eddng v\u00e0 b\u1ed9 p\u00e1t g\u1eadp l\u01b0ng<br \/>\n&#8211; Ch\u00e2n g\u1ed7<br \/>\n<\/span><\/p>","protected":false},"featured_media":2450,"comment_status":"open","ping_status":"closed","template":"","meta":[],"etheme_brands":[],"product_brand":[],"product_cat":[68],"product_tag":[],"class_list":{"0":"post-1642","1":"product","2":"type-product","3":"status-publish","4":"has-post-thumbnail","6":"product_cat-noi-that","8":"first","9":"instock","10":"shipping-taxable","11":"product-type-simple"},"_links":{"self":[{"href":"https:\/\/mek-tex.com\/en\/wp-json\/wp\/v2\/product\/1642","targetHints":{"allow":["GET"]}}],"collection":[{"href":"https:\/\/mek-tex.com\/en\/wp-json\/wp\/v2\/product"}],"about":[{"href":"https:\/\/mek-tex.com\/en\/wp-json\/wp\/v2\/types\/product"}],"replies":[{"embeddable":true,"href":"https:\/\/mek-tex.com\/en\/wp-json\/wp\/v2\/comments?post=1642"}],"version-history":[{"count":5,"href":"https:\/\/mek-tex.com\/en\/wp-json\/wp\/v2\/product\/1642\/revisions"}],"predecessor-version":[{"id":2292,"href":"https:\/\/mek-tex.com\/en\/wp-json\/wp\/v2\/product\/1642\/revisions\/2292"}],"wp:featuredmedia":[{"embeddable":true,"href":"https:\/\/mek-tex.com\/en\/wp-json\/wp\/v2\/media\/2450"}],"wp:attachment":[{"href":"https:\/\/mek-tex.com\/en\/wp-json\/wp\/v2\/media?parent=1642"}],"wp:term":[{"taxonomy":"brand","embeddable":true,"href":"https:\/\/mek-tex.com\/en\/wp-json\/wp\/v2\/etheme_brands?post=1642"},{"taxonomy":"product_brand","embeddable":true,"href":"https:\/\/mek-tex.com\/en\/wp-json\/wp\/v2\/product_brand?post=1642"},{"taxonomy":"product_cat","embeddable":true,"href":"https:\/\/mek-tex.com\/en\/wp-json\/wp\/v2\/product_cat?post=1642"},{"taxonomy":"product_tag","embeddable":true,"href":"https:\/\/mek-tex.com\/en\/wp-json\/wp\/v2\/product_tag?post=1642"}],"curies":[{"name":"wp","href":"https:\/\/api.w.org\/{rel}","templated":true}]}}