{"id":1643,"date":"2026-01-03T08:13:19","date_gmt":"2026-01-03T01:13:19","guid":{"rendered":"https:\/\/mek-tex.com\/?post_type=product&#038;p=1643"},"modified":"2026-02-09T15:55:08","modified_gmt":"2026-02-09T08:55:08","slug":"sofa-3s-2","status":"publish","type":"product","link":"https:\/\/mek-tex.com\/en\/product\/sofa-3s-2\/","title":{"rendered":"SOFA 3S &#8211; MK0019"},"content":{"rendered":"<p><span data-sheets-root=\"1\">&#8211; M\u00e3 s\u1ea3n ph\u1ea9m: MK0019<br \/>\n&#8211; Khung g\u1ed7 th\u00f4ng, v\u00e1n \u00e9p<br \/>\n&#8211; L\u00f3t mousse T28-H50<br \/>\n&#8211; B\u1ecdc v\u1ea3i nhung FP25059-05<br \/>\n&#8211; Ch\u00e2n g\u1ed7 L-5F<\/span><\/p>","protected":false},"excerpt":{"rendered":"<p><span data-sheets-root=\"1\">&#8211; M\u00e3 s\u1ea3n ph\u1ea9m: MK0019<br \/>\n&#8211; Khung g\u1ed7 th\u00f4ng, v\u00e1n \u00e9p<br \/>\n&#8211; L\u00f3t mousse T28-H50<br \/>\n&#8211; B\u1ecdc v\u1ea3i nhung FP25059-05<br \/>\n&#8211; Ch\u00e2n g\u1ed7 L-5F<br \/>\n<\/span><\/p>","protected":false},"featured_media":2443,"comment_status":"open","ping_status":"closed","template":"","meta":[],"etheme_brands":[],"product_brand":[],"product_cat":[83,68],"product_tag":[],"class_list":{"0":"post-1643","1":"product","2":"type-product","3":"status-publish","4":"has-post-thumbnail","6":"product_cat-ban-chay","7":"product_cat-noi-that","9":"first","10":"instock","11":"shipping-taxable","12":"product-type-simple"},"_links":{"self":[{"href":"https:\/\/mek-tex.com\/en\/wp-json\/wp\/v2\/product\/1643","targetHints":{"allow":["GET"]}}],"collection":[{"href":"https:\/\/mek-tex.com\/en\/wp-json\/wp\/v2\/product"}],"about":[{"href":"https:\/\/mek-tex.com\/en\/wp-json\/wp\/v2\/types\/product"}],"replies":[{"embeddable":true,"href":"https:\/\/mek-tex.com\/en\/wp-json\/wp\/v2\/comments?post=1643"}],"version-history":[{"count":5,"href":"https:\/\/mek-tex.com\/en\/wp-json\/wp\/v2\/product\/1643\/revisions"}],"predecessor-version":[{"id":2348,"href":"https:\/\/mek-tex.com\/en\/wp-json\/wp\/v2\/product\/1643\/revisions\/2348"}],"wp:featuredmedia":[{"embeddable":true,"href":"https:\/\/mek-tex.com\/en\/wp-json\/wp\/v2\/media\/2443"}],"wp:attachment":[{"href":"https:\/\/mek-tex.com\/en\/wp-json\/wp\/v2\/media?parent=1643"}],"wp:term":[{"taxonomy":"brand","embeddable":true,"href":"https:\/\/mek-tex.com\/en\/wp-json\/wp\/v2\/etheme_brands?post=1643"},{"taxonomy":"product_brand","embeddable":true,"href":"https:\/\/mek-tex.com\/en\/wp-json\/wp\/v2\/product_brand?post=1643"},{"taxonomy":"product_cat","embeddable":true,"href":"https:\/\/mek-tex.com\/en\/wp-json\/wp\/v2\/product_cat?post=1643"},{"taxonomy":"product_tag","embeddable":true,"href":"https:\/\/mek-tex.com\/en\/wp-json\/wp\/v2\/product_tag?post=1643"}],"curies":[{"name":"wp","href":"https:\/\/api.w.org\/{rel}","templated":true}]}}