{"id":1644,"date":"2026-01-03T08:13:19","date_gmt":"2026-01-03T01:13:19","guid":{"rendered":"https:\/\/mek-tex.com\/?post_type=product&#038;p=1644"},"modified":"2026-02-06T14:02:27","modified_gmt":"2026-02-06T07:02:27","slug":"sofa-1s-4","status":"publish","type":"product","link":"https:\/\/mek-tex.com\/en\/product\/sofa-1s-4\/","title":{"rendered":"SOFA 1S &#8211; MK0020"},"content":{"rendered":"<p><span data-sheets-root=\"1\">&#8211; M\u00e3 s\u1ea3n ph\u1ea9m: MK0020<br \/>\n&#8211; Khung g\u1ed7 th\u00f4ng, v\u00e1n \u00e9p<br \/>\n&#8211; L\u00f3t mousse T28-H50<br \/>\n&#8211; B\u1ecdc v\u1ea3i l\u00f4ng FB08609-01<br \/>\n&#8211; Ch\u00e2n g\u1ed7<\/span><\/p>","protected":false},"excerpt":{"rendered":"<p><span data-sheets-root=\"1\">&#8211; M\u00e3 s\u1ea3n ph\u1ea9m: MK0020<br \/>\n&#8211; Khung g\u1ed7 th\u00f4ng, v\u00e1n \u00e9p<br \/>\n&#8211; L\u00f3t mousse T28-H50<br \/>\n&#8211; B\u1ecdc v\u1ea3i l\u00f4ng FB08609-01<br \/>\n&#8211; Ch\u00e2n g\u1ed7<br \/>\n<\/span><\/p>","protected":false},"featured_media":2438,"comment_status":"open","ping_status":"closed","template":"","meta":[],"etheme_brands":[],"product_brand":[],"product_cat":[69,68],"product_tag":[],"class_list":{"0":"post-1644","1":"product","2":"type-product","3":"status-publish","4":"has-post-thumbnail","6":"product_cat-ban-ghe","7":"product_cat-noi-that","9":"first","10":"instock","11":"shipping-taxable","12":"product-type-simple"},"_links":{"self":[{"href":"https:\/\/mek-tex.com\/en\/wp-json\/wp\/v2\/product\/1644","targetHints":{"allow":["GET"]}}],"collection":[{"href":"https:\/\/mek-tex.com\/en\/wp-json\/wp\/v2\/product"}],"about":[{"href":"https:\/\/mek-tex.com\/en\/wp-json\/wp\/v2\/types\/product"}],"replies":[{"embeddable":true,"href":"https:\/\/mek-tex.com\/en\/wp-json\/wp\/v2\/comments?post=1644"}],"version-history":[{"count":8,"href":"https:\/\/mek-tex.com\/en\/wp-json\/wp\/v2\/product\/1644\/revisions"}],"predecessor-version":[{"id":2346,"href":"https:\/\/mek-tex.com\/en\/wp-json\/wp\/v2\/product\/1644\/revisions\/2346"}],"wp:featuredmedia":[{"embeddable":true,"href":"https:\/\/mek-tex.com\/en\/wp-json\/wp\/v2\/media\/2438"}],"wp:attachment":[{"href":"https:\/\/mek-tex.com\/en\/wp-json\/wp\/v2\/media?parent=1644"}],"wp:term":[{"taxonomy":"brand","embeddable":true,"href":"https:\/\/mek-tex.com\/en\/wp-json\/wp\/v2\/etheme_brands?post=1644"},{"taxonomy":"product_brand","embeddable":true,"href":"https:\/\/mek-tex.com\/en\/wp-json\/wp\/v2\/product_brand?post=1644"},{"taxonomy":"product_cat","embeddable":true,"href":"https:\/\/mek-tex.com\/en\/wp-json\/wp\/v2\/product_cat?post=1644"},{"taxonomy":"product_tag","embeddable":true,"href":"https:\/\/mek-tex.com\/en\/wp-json\/wp\/v2\/product_tag?post=1644"}],"curies":[{"name":"wp","href":"https:\/\/api.w.org\/{rel}","templated":true}]}}