{"id":2151,"date":"2026-01-23T09:56:57","date_gmt":"2026-01-23T02:56:57","guid":{"rendered":"https:\/\/mek-tex.com\/?post_type=product&#038;p=2151"},"modified":"2026-02-10T12:45:15","modified_gmt":"2026-02-10T05:45:15","slug":"sofa-3s-3","status":"publish","type":"product","link":"https:\/\/mek-tex.com\/en\/product\/sofa-3s-3\/","title":{"rendered":"SOFA 3S &#8211; MK0067"},"content":{"rendered":"<p style=\"text-align: justify;\">&#8211; M\u00e3 s\u1ea3n ph\u1ea9m: MK0067<br \/>\n&#8211; V\u1eadt li\u1ec7u ch\u00ednh:<\/p>\n<ul style=\"text-align: justify;\">\n<li>Khung g\u1ed7 th\u00f4ng, v\u00e1n \u00e9p<\/li>\n<li>Mousse T<\/li>\n<li>V\u1ea3i nhung H16 m\u00e0u xanh l\u00e1<\/li>\n<li>V\u1ea3i nhung MC-03 m\u00e0u v\u00e0ng<\/li>\n<\/ul>\n<pre class=\"a-b-r-La\"><span style=\"font-family: arial, helvetica, sans-serif;\">SOFA MK0067 \u2013 \u0110I\u1ec2M NH\u1ea4N NGH\u1ec6 THU\u1eacT CHO PH\u00d2NG KH\u00c1CH HI\u1ec6N \u0110\u1ea0I\r\nB\u1ed9 sofa MK0067 l\u00e0 s\u1ef1 k\u1ebft h\u1ee3p tinh t\u1ebf gi\u1eefa \u0111\u01b0\u1eddng cong m\u1ec1m m\u1ea1i, m\u00e0u s\u1eafc t\u00e1o b\u1ea1o v\u00e0 phong c\u00e1ch thi\u1ebft k\u1ebf \u0111\u01b0\u01a1ng \u0111\u1ea1i, mang \u0111\u1ebfn m\u1ed9t \u0111i\u1ec3m nh\u1ea5n \u0111\u1ea7y c\u00e1 t\u00ednh cho kh\u00f4ng gian ph\u00f2ng kh\u00e1ch.Thi\u1ebft k\u1ebf sofa d\u1ea1ng cong (curved sofa) t\u1ea1o c\u1ea3m gi\u00e1c th\u00e2n thi\u1ec7n, \u1ea5m c\u00fang v\u00e0 kh\u00e1c bi\u1ec7t, \u0111\u1eb7c bi\u1ec7t ph\u00f9 h\u1ee3p v\u1edbi c\u00e1c kh\u00f4ng gian m\u1edf, c\u0103n h\u1ed9 cao c\u1ea5p, kh\u00e1ch s\u1ea1n boutique ho\u1eb7c khu lounge sang tr\u1ecdng.\r\n\u0110\u1eb7c \u0111i\u1ec3m n\u1ed5i b\u1eadt\r\nThi\u1ebft k\u1ebf cong \u0111\u1ed9c \u0111\u00e1o: \u0110\u01b0\u1eddng bo tr\u00f2n li\u1ec1n m\u1ea1ch gi\u00fap kh\u00f4ng gian tr\u1edf n\u00ean m\u1ec1m m\u1ea1i v\u00e0 c\u00f3 chi\u1ec1u s\u00e2u th\u1ea9m m\u1ef9.\r\nPh\u1ed1i m\u00e0u \u1ea5n t\u01b0\u1ee3ng: T\u00f4ng xanh ng\u1ecdc (teal green) sang tr\u1ecdng k\u1ebft h\u1ee3p vi\u1ec1n v\u00e0ng n\u1ed5i b\u1eadt, t\u1ea1o n\u00ean v\u1ebb ngo\u00e0i hi\u1ec7n \u0111\u1ea1i nh\u01b0ng v\u1eabn tinh t\u1ebf.\r\nForm d\u00e1ng \u00f4m l\u01b0ng: Ph\u1ea7n t\u1ef1a l\u01b0ng cong cao, h\u1ed7 tr\u1ee3 t\u1ed1t t\u01b0 th\u1ebf ng\u1ed3i v\u00e0 mang l\u1ea1i c\u1ea3m gi\u00e1c th\u01b0 gi\u00e3n.\r\nCh\u1ea5t li\u1ec7u cao c\u1ea5p: V\u1ea3i b\u1ecdc m\u1ec1m m\u1ecbn, b\u1ec1n m\u00e0u, ph\u00f9 h\u1ee3p s\u1eed d\u1ee5ng l\u00e2u d\u00e0i trong m\u00f4i tr\u01b0\u1eddng sinh ho\u1ea1t v\u00e0 ti\u1ebfp kh\u00e1ch.\r\nT\u00ednh linh ho\u1ea1t cao: D\u1ec5 d\u00e0ng k\u1ebft h\u1ee3p v\u1edbi b\u00e0n tr\u00e0 tr\u00f2n, th\u1ea3m trung t\u00ednh v\u00e0 c\u00e1c ph\u1ee5 ki\u1ec7n d\u00e9cor hi\u1ec7n \u0111\u1ea1i.\r\n\u1ee8ng d\u1ee5ng kh\u00f4ng gian\r\nPh\u00f2ng kh\u00e1ch c\u0103n h\u1ed9 &amp; nh\u00e0 ph\u1ed1 cao c\u1ea5p\r\nLounge, showroom, khu ti\u1ebfp kh\u00e1ch\r\nKh\u00e1ch s\u1ea1n, resort, kh\u00f4ng gian ch\u1edd sang tr\u1ecdng\r\nPhong c\u00e1ch ph\u00f9 h\u1ee3p\r\nModern \u00b7 Contemporary \u00b7 Art Deco \u00b7 Luxury Minimal<\/span><\/pre>","protected":false},"excerpt":{"rendered":"<p>&#8211; M\u00e3 s\u1ea3n ph\u1ea9m: MK0067<br \/>\n&#8211; V\u1eadt li\u1ec7u ch\u00ednh:<\/p>\n<ul>\n<li>Khung g\u1ed7 th\u00f4ng, v\u00e1n \u00e9p<\/li>\n<li>Mousse T<\/li>\n<li>V\u1ea3i nhung H16 m\u00e0u xanh l\u00e1<\/li>\n<li>V\u1ea3i nhung MC-03 m\u00e0u v\u00e0ng<\/li>\n<\/ul>","protected":false},"featured_media":2154,"comment_status":"open","ping_status":"closed","template":"","meta":[],"etheme_brands":[],"product_brand":[],"product_cat":[69,68,85],"product_tag":[],"class_list":{"0":"post-2151","1":"product","2":"type-product","3":"status-publish","4":"has-post-thumbnail","6":"product_cat-ban-ghe","7":"product_cat-noi-that","8":"product_cat-san-pham-moi","10":"first","11":"instock","12":"shipping-taxable","13":"product-type-simple"},"_links":{"self":[{"href":"https:\/\/mek-tex.com\/en\/wp-json\/wp\/v2\/product\/2151","targetHints":{"allow":["GET"]}}],"collection":[{"href":"https:\/\/mek-tex.com\/en\/wp-json\/wp\/v2\/product"}],"about":[{"href":"https:\/\/mek-tex.com\/en\/wp-json\/wp\/v2\/types\/product"}],"replies":[{"embeddable":true,"href":"https:\/\/mek-tex.com\/en\/wp-json\/wp\/v2\/comments?post=2151"}],"version-history":[{"count":7,"href":"https:\/\/mek-tex.com\/en\/wp-json\/wp\/v2\/product\/2151\/revisions"}],"predecessor-version":[{"id":2338,"href":"https:\/\/mek-tex.com\/en\/wp-json\/wp\/v2\/product\/2151\/revisions\/2338"}],"wp:featuredmedia":[{"embeddable":true,"href":"https:\/\/mek-tex.com\/en\/wp-json\/wp\/v2\/media\/2154"}],"wp:attachment":[{"href":"https:\/\/mek-tex.com\/en\/wp-json\/wp\/v2\/media?parent=2151"}],"wp:term":[{"taxonomy":"brand","embeddable":true,"href":"https:\/\/mek-tex.com\/en\/wp-json\/wp\/v2\/etheme_brands?post=2151"},{"taxonomy":"product_brand","embeddable":true,"href":"https:\/\/mek-tex.com\/en\/wp-json\/wp\/v2\/product_brand?post=2151"},{"taxonomy":"product_cat","embeddable":true,"href":"https:\/\/mek-tex.com\/en\/wp-json\/wp\/v2\/product_cat?post=2151"},{"taxonomy":"product_tag","embeddable":true,"href":"https:\/\/mek-tex.com\/en\/wp-json\/wp\/v2\/product_tag?post=2151"}],"curies":[{"name":"wp","href":"https:\/\/api.w.org\/{rel}","templated":true}]}}