{"id":2168,"date":"2026-01-23T11:55:29","date_gmt":"2026-01-23T04:55:29","guid":{"rendered":"https:\/\/mek-tex.com\/?post_type=product&#038;p=2168"},"modified":"2026-02-10T12:06:32","modified_gmt":"2026-02-10T05:06:32","slug":"sofa-3s-4","status":"publish","type":"product","link":"https:\/\/mek-tex.com\/en\/product\/sofa-3s-4\/","title":{"rendered":"SOFA 3S &#8211; MK0042"},"content":{"rendered":"<p>&#8211; M\u00e3 s\u1ea3n ph\u1ea9m: MK0042<br \/>\n&#8211; V\u1eadt li\u1ec7u ch\u00ednh:<\/p>\n<ul>\n<li>Khung g\u1ed7 th\u00f4ng v\u00e1n \u00e9p<\/li>\n<li>Mousse T<\/li>\n<li>Da simili K2405-05 K1.4 (492g\/m2, d\u00e0y 0.7mm, ch\u1ed1ng ch\u00e1y, ch\u1ed1ng tr\u1ea7y)<\/li>\n<li>Ch\u00e2n g\u1ed7<\/li>\n<\/ul>","protected":false},"excerpt":{"rendered":"<p>&#8211; M\u00e3 s\u1ea3n ph\u1ea9m: MK0042<br \/>\n&#8211; V\u1eadt li\u1ec7u ch\u00ednh:<\/p>\n<ul>\n<li>Khung g\u1ed7 th\u00f4ng v\u00e1n \u00e9p<\/li>\n<li>Mousse T<\/li>\n<li>Da simili K2405-05 K1.4 (492g\/m2, d\u00e0y 0.7mm, ch\u1ed1ng ch\u00e1y, ch\u1ed1ng tr\u1ea7y)<\/li>\n<li>Ch\u00e2n g\u1ed7<\/li>\n<\/ul>","protected":false},"featured_media":2425,"comment_status":"open","ping_status":"closed","template":"","meta":[],"etheme_brands":[],"product_brand":[],"product_cat":[68,85],"product_tag":[],"class_list":{"0":"post-2168","1":"product","2":"type-product","3":"status-publish","4":"has-post-thumbnail","6":"product_cat-noi-that","7":"product_cat-san-pham-moi","9":"first","10":"instock","11":"shipping-taxable","12":"product-type-simple"},"_links":{"self":[{"href":"https:\/\/mek-tex.com\/en\/wp-json\/wp\/v2\/product\/2168","targetHints":{"allow":["GET"]}}],"collection":[{"href":"https:\/\/mek-tex.com\/en\/wp-json\/wp\/v2\/product"}],"about":[{"href":"https:\/\/mek-tex.com\/en\/wp-json\/wp\/v2\/types\/product"}],"replies":[{"embeddable":true,"href":"https:\/\/mek-tex.com\/en\/wp-json\/wp\/v2\/comments?post=2168"}],"version-history":[{"count":5,"href":"https:\/\/mek-tex.com\/en\/wp-json\/wp\/v2\/product\/2168\/revisions"}],"predecessor-version":[{"id":2334,"href":"https:\/\/mek-tex.com\/en\/wp-json\/wp\/v2\/product\/2168\/revisions\/2334"}],"wp:featuredmedia":[{"embeddable":true,"href":"https:\/\/mek-tex.com\/en\/wp-json\/wp\/v2\/media\/2425"}],"wp:attachment":[{"href":"https:\/\/mek-tex.com\/en\/wp-json\/wp\/v2\/media?parent=2168"}],"wp:term":[{"taxonomy":"brand","embeddable":true,"href":"https:\/\/mek-tex.com\/en\/wp-json\/wp\/v2\/etheme_brands?post=2168"},{"taxonomy":"product_brand","embeddable":true,"href":"https:\/\/mek-tex.com\/en\/wp-json\/wp\/v2\/product_brand?post=2168"},{"taxonomy":"product_cat","embeddable":true,"href":"https:\/\/mek-tex.com\/en\/wp-json\/wp\/v2\/product_cat?post=2168"},{"taxonomy":"product_tag","embeddable":true,"href":"https:\/\/mek-tex.com\/en\/wp-json\/wp\/v2\/product_tag?post=2168"}],"curies":[{"name":"wp","href":"https:\/\/api.w.org\/{rel}","templated":true}]}}