{"id":2185,"date":"2026-01-23T15:01:26","date_gmt":"2026-01-23T08:01:26","guid":{"rendered":"https:\/\/mek-tex.com\/?post_type=product&#038;p=2185"},"modified":"2026-02-10T12:06:31","modified_gmt":"2026-02-10T05:06:31","slug":"sofa-1s-6","status":"publish","type":"product","link":"https:\/\/mek-tex.com\/en\/product\/sofa-1s-6\/","title":{"rendered":"SOFA 1S &#8211; MK0052"},"content":{"rendered":"<p>&#8211; M\u00e3 s\u1ea3n ph\u1ea9m: MK0052<br \/>\n&#8211; V\u1eadt li\u1ec7u ch\u00ednh:<\/p>\n<ul>\n<li>Khung g\u1ed7 th\u00f4ng, v\u00e1n \u00e9p<\/li>\n<li>Mousse T<\/li>\n<li>V\u1ea3i l\u00f4ng c\u1eebu n\u00e2u 078 K1.5<\/li>\n<li>\u0110\u1ebf s\u1eaft xoay 360 \u0111\u1ed9<\/li>\n<\/ul>","protected":false},"excerpt":{"rendered":"<p>&#8211; M\u00e3 s\u1ea3n ph\u1ea9m: MK0052<br \/>\n&#8211; V\u1eadt li\u1ec7u ch\u00ednh:<\/p>\n<ul>\n<li>Khung g\u1ed7 th\u00f4ng, v\u00e1n \u00e9p<\/li>\n<li>Mousse T<\/li>\n<li>V\u1ea3i l\u00f4ng c\u1eebu n\u00e2u 078 K1.5<\/li>\n<li>\u0110\u1ebf s\u1eaft xoay 360 \u0111\u1ed9<\/li>\n<\/ul>\n<p>&nbsp;<\/p>","protected":false},"featured_media":2420,"comment_status":"open","ping_status":"closed","template":"","meta":[],"etheme_brands":[],"product_brand":[],"product_cat":[69,68,85],"product_tag":[],"class_list":{"0":"post-2185","1":"product","2":"type-product","3":"status-publish","4":"has-post-thumbnail","6":"product_cat-ban-ghe","7":"product_cat-noi-that","8":"product_cat-san-pham-moi","10":"first","11":"instock","12":"shipping-taxable","13":"product-type-simple"},"_links":{"self":[{"href":"https:\/\/mek-tex.com\/en\/wp-json\/wp\/v2\/product\/2185","targetHints":{"allow":["GET"]}}],"collection":[{"href":"https:\/\/mek-tex.com\/en\/wp-json\/wp\/v2\/product"}],"about":[{"href":"https:\/\/mek-tex.com\/en\/wp-json\/wp\/v2\/types\/product"}],"replies":[{"embeddable":true,"href":"https:\/\/mek-tex.com\/en\/wp-json\/wp\/v2\/comments?post=2185"}],"version-history":[{"count":4,"href":"https:\/\/mek-tex.com\/en\/wp-json\/wp\/v2\/product\/2185\/revisions"}],"predecessor-version":[{"id":2320,"href":"https:\/\/mek-tex.com\/en\/wp-json\/wp\/v2\/product\/2185\/revisions\/2320"}],"wp:featuredmedia":[{"embeddable":true,"href":"https:\/\/mek-tex.com\/en\/wp-json\/wp\/v2\/media\/2420"}],"wp:attachment":[{"href":"https:\/\/mek-tex.com\/en\/wp-json\/wp\/v2\/media?parent=2185"}],"wp:term":[{"taxonomy":"brand","embeddable":true,"href":"https:\/\/mek-tex.com\/en\/wp-json\/wp\/v2\/etheme_brands?post=2185"},{"taxonomy":"product_brand","embeddable":true,"href":"https:\/\/mek-tex.com\/en\/wp-json\/wp\/v2\/product_brand?post=2185"},{"taxonomy":"product_cat","embeddable":true,"href":"https:\/\/mek-tex.com\/en\/wp-json\/wp\/v2\/product_cat?post=2185"},{"taxonomy":"product_tag","embeddable":true,"href":"https:\/\/mek-tex.com\/en\/wp-json\/wp\/v2\/product_tag?post=2185"}],"curies":[{"name":"wp","href":"https:\/\/api.w.org\/{rel}","templated":true}]}}