{"id":2186,"date":"2026-01-23T14:41:28","date_gmt":"2026-01-23T07:41:28","guid":{"rendered":"https:\/\/mek-tex.com\/?post_type=product&#038;p=2186"},"modified":"2026-02-10T12:58:58","modified_gmt":"2026-02-10T05:58:58","slug":"giuong-2","status":"publish","type":"product","link":"https:\/\/mek-tex.com\/en\/product\/giuong-2\/","title":{"rendered":"BED - MK0061"},"content":{"rendered":"<p>&#8211; M\u00e3 s\u1ea3n ph\u1ea9m: MK0061<br \/>\n&#8211; V\u1eadt li\u1ec7u ch\u00ednh:<\/p>\n<ul>\n<li>Khung g\u1ed7 th\u00f4ng, v\u00e1n \u00e9p<\/li>\n<li>Mousse T<\/li>\n<li>Simili WT2408-05 ch\u1ed1ng m\u1ef1c, ch\u1ed1ng tr\u1ea7y. Kh\u1ed5 1.4m<\/li>\n<li>Thanh \u0111\u1ee1 v\u1ea1t gi\u01b0\u1eddng b\u1eb1n g\u1ed7 th\u00f4ng<\/li>\n<li>V\u1ea1t gi\u01b0\u1eddng b\u1eb1ng v\u00e1n \u00e9p<\/li>\n<li>Ch\u00e2n g\u1ed7<\/li>\n<li>D\u00f9ng n\u1ec7m (1.8 x 2m)<\/li>\n<\/ul>\n<p>&nbsp;<\/p>","protected":false},"excerpt":{"rendered":"<p>&#8211; M\u00e3 s\u1ea3n ph\u1ea9m: MK0061<br \/>\n&#8211; V\u1eadt li\u1ec7u ch\u00ednh:<\/p>\n<ul>\n<li>Khung g\u1ed7 th\u00f4ng, v\u00e1n \u00e9p<\/li>\n<li>Mousse T<\/li>\n<li>Simili WT2408-05 ch\u1ed1ng m\u1ef1c, ch\u1ed1ng tr\u1ea7y. Kh\u1ed5 1.4m<\/li>\n<li>Thanh \u0111\u1ee1 v\u1ea1t gi\u01b0\u1eddng b\u1eb1n g\u1ed7 th\u00f4ng<\/li>\n<li>V\u1ea1t gi\u01b0\u1eddng b\u1eb1ng v\u00e1n \u00e9p<\/li>\n<li>Ch\u00e2n g\u1ed7<\/li>\n<li>D\u00f9ng n\u1ec7m (1.8 x 2m)<\/li>\n<\/ul>\n<p>&nbsp;<\/p>","protected":false},"featured_media":2406,"comment_status":"open","ping_status":"closed","template":"","meta":[],"etheme_brands":[],"product_brand":[],"product_cat":[77],"product_tag":[],"class_list":{"0":"post-2186","1":"product","2":"type-product","3":"status-publish","4":"has-post-thumbnail","6":"product_cat-noi-that-moi","8":"first","9":"instock","10":"shipping-taxable","11":"product-type-simple"},"_links":{"self":[{"href":"https:\/\/mek-tex.com\/en\/wp-json\/wp\/v2\/product\/2186","targetHints":{"allow":["GET"]}}],"collection":[{"href":"https:\/\/mek-tex.com\/en\/wp-json\/wp\/v2\/product"}],"about":[{"href":"https:\/\/mek-tex.com\/en\/wp-json\/wp\/v2\/types\/product"}],"replies":[{"embeddable":true,"href":"https:\/\/mek-tex.com\/en\/wp-json\/wp\/v2\/comments?post=2186"}],"version-history":[{"count":5,"href":"https:\/\/mek-tex.com\/en\/wp-json\/wp\/v2\/product\/2186\/revisions"}],"predecessor-version":[{"id":2322,"href":"https:\/\/mek-tex.com\/en\/wp-json\/wp\/v2\/product\/2186\/revisions\/2322"}],"wp:featuredmedia":[{"embeddable":true,"href":"https:\/\/mek-tex.com\/en\/wp-json\/wp\/v2\/media\/2406"}],"wp:attachment":[{"href":"https:\/\/mek-tex.com\/en\/wp-json\/wp\/v2\/media?parent=2186"}],"wp:term":[{"taxonomy":"brand","embeddable":true,"href":"https:\/\/mek-tex.com\/en\/wp-json\/wp\/v2\/etheme_brands?post=2186"},{"taxonomy":"product_brand","embeddable":true,"href":"https:\/\/mek-tex.com\/en\/wp-json\/wp\/v2\/product_brand?post=2186"},{"taxonomy":"product_cat","embeddable":true,"href":"https:\/\/mek-tex.com\/en\/wp-json\/wp\/v2\/product_cat?post=2186"},{"taxonomy":"product_tag","embeddable":true,"href":"https:\/\/mek-tex.com\/en\/wp-json\/wp\/v2\/product_tag?post=2186"}],"curies":[{"name":"wp","href":"https:\/\/api.w.org\/{rel}","templated":true}]}}