{"id":2476,"date":"2026-02-09T09:10:52","date_gmt":"2026-02-09T02:10:52","guid":{"rendered":"https:\/\/mek-tex.com\/?post_type=product&#038;p=2476"},"modified":"2026-02-10T12:45:14","modified_gmt":"2026-02-10T05:45:14","slug":"sofa-3s-ottoman-mk0065","status":"publish","type":"product","link":"https:\/\/mek-tex.com\/en\/product\/sofa-3s-ottoman-mk0065\/","title":{"rendered":"SOFA 3S, OTTOMAN &#8211; MK0065"},"content":{"rendered":"<p>&#8211; M\u00e3 s\u1ea3n ph\u1ea9m: MK0065<br \/>\n&#8211; Khung g\u1ed7 th\u00f4ng, v\u00e1n \u00e9p<br \/>\n&#8211; Mousse T<br \/>\n&#8211; Simili V806 ch\u1ed1ng m\u1ef1c ch\u1ed1ng tr\u1ea7y<br \/>\n&#8211; Ch\u00e2n s\u1eaft s\u01a1n \u0111en t\u0129nh \u0111i\u1ec7n<\/p>","protected":false},"excerpt":{"rendered":"<p>&#8211; M\u00e3 s\u1ea3n ph\u1ea9m: MK0065<br \/>\n&#8211; Khung g\u1ed7 th\u00f4ng, v\u00e1n \u00e9p<br \/>\n&#8211; Mousse T<br \/>\n&#8211; Simili V806 ch\u1ed1ng m\u1ef1c ch\u1ed1ng tr\u1ea7y<br \/>\n&#8211; Ch\u00e2n s\u1eaft s\u01a1n \u0111en t\u0129nh \u0111i\u1ec7n<\/p>","protected":false},"featured_media":2480,"comment_status":"open","ping_status":"closed","template":"","meta":[],"etheme_brands":[],"product_brand":[],"product_cat":[68,85],"product_tag":[],"class_list":{"0":"post-2476","1":"product","2":"type-product","3":"status-publish","4":"has-post-thumbnail","6":"product_cat-noi-that","7":"product_cat-san-pham-moi","9":"first","10":"instock","11":"shipping-taxable","12":"product-type-simple"},"_links":{"self":[{"href":"https:\/\/mek-tex.com\/en\/wp-json\/wp\/v2\/product\/2476","targetHints":{"allow":["GET"]}}],"collection":[{"href":"https:\/\/mek-tex.com\/en\/wp-json\/wp\/v2\/product"}],"about":[{"href":"https:\/\/mek-tex.com\/en\/wp-json\/wp\/v2\/types\/product"}],"replies":[{"embeddable":true,"href":"https:\/\/mek-tex.com\/en\/wp-json\/wp\/v2\/comments?post=2476"}],"version-history":[{"count":2,"href":"https:\/\/mek-tex.com\/en\/wp-json\/wp\/v2\/product\/2476\/revisions"}],"predecessor-version":[{"id":2484,"href":"https:\/\/mek-tex.com\/en\/wp-json\/wp\/v2\/product\/2476\/revisions\/2484"}],"wp:featuredmedia":[{"embeddable":true,"href":"https:\/\/mek-tex.com\/en\/wp-json\/wp\/v2\/media\/2480"}],"wp:attachment":[{"href":"https:\/\/mek-tex.com\/en\/wp-json\/wp\/v2\/media?parent=2476"}],"wp:term":[{"taxonomy":"brand","embeddable":true,"href":"https:\/\/mek-tex.com\/en\/wp-json\/wp\/v2\/etheme_brands?post=2476"},{"taxonomy":"product_brand","embeddable":true,"href":"https:\/\/mek-tex.com\/en\/wp-json\/wp\/v2\/product_brand?post=2476"},{"taxonomy":"product_cat","embeddable":true,"href":"https:\/\/mek-tex.com\/en\/wp-json\/wp\/v2\/product_cat?post=2476"},{"taxonomy":"product_tag","embeddable":true,"href":"https:\/\/mek-tex.com\/en\/wp-json\/wp\/v2\/product_tag?post=2476"}],"curies":[{"name":"wp","href":"https:\/\/api.w.org\/{rel}","templated":true}]}}