{"id":2485,"date":"2026-02-09T09:24:41","date_gmt":"2026-02-09T02:24:41","guid":{"rendered":"https:\/\/mek-tex.com\/?post_type=product&#038;p=2485"},"modified":"2026-02-10T12:06:31","modified_gmt":"2026-02-10T05:06:31","slug":"sofa-1s-mk0050","status":"publish","type":"product","link":"https:\/\/mek-tex.com\/en\/product\/sofa-1s-mk0050\/","title":{"rendered":"SOFA 1S &#8211; MK0050"},"content":{"rendered":"<p>&#8211; M\u00e3 s\u1ea3n ph\u1ea9m: MK0050<br \/>\n&#8211; Khung g\u1ed7 th\u00f4ng, v\u00e1n \u00e9p<br \/>\n&#8211; Mousse T<br \/>\n&#8211; V\u1ea3i Ilan K1.5 \u2013 R4281-001 &#8211; #9201 RCY (WR 380g\/m2)<br \/>\n&#8211; V\u1ea3i #9056 W3293-003 Left, Olefin 224gr<br \/>\n&#8211; Ch\u00e2n g\u1ed7<\/p>","protected":false},"excerpt":{"rendered":"<p>&#8211; M\u00e3 s\u1ea3n ph\u1ea9m: MK0050<br \/>\n&#8211; Khung g\u1ed7 th\u00f4ng, v\u00e1n \u00e9p<br \/>\n&#8211; Mousse T<br \/>\n&#8211; V\u1ea3i Ilan K1.5 \u2013 R4281-001 &#8211; #9201 RCY (WR 380g\/m2)<br \/>\n&#8211; V\u1ea3i #9056 W3293-003 Left, Olefin 224gr<br \/>\n&#8211; Ch\u00e2n g\u1ed7<\/p>","protected":false},"featured_media":2487,"comment_status":"open","ping_status":"closed","template":"","meta":[],"etheme_brands":[],"product_brand":[],"product_cat":[83,69,68,85],"product_tag":[],"class_list":{"0":"post-2485","1":"product","2":"type-product","3":"status-publish","4":"has-post-thumbnail","6":"product_cat-ban-chay","7":"product_cat-ban-ghe","8":"product_cat-noi-that","9":"product_cat-san-pham-moi","11":"first","12":"instock","13":"shipping-taxable","14":"product-type-simple"},"_links":{"self":[{"href":"https:\/\/mek-tex.com\/en\/wp-json\/wp\/v2\/product\/2485","targetHints":{"allow":["GET"]}}],"collection":[{"href":"https:\/\/mek-tex.com\/en\/wp-json\/wp\/v2\/product"}],"about":[{"href":"https:\/\/mek-tex.com\/en\/wp-json\/wp\/v2\/types\/product"}],"replies":[{"embeddable":true,"href":"https:\/\/mek-tex.com\/en\/wp-json\/wp\/v2\/comments?post=2485"}],"version-history":[{"count":2,"href":"https:\/\/mek-tex.com\/en\/wp-json\/wp\/v2\/product\/2485\/revisions"}],"predecessor-version":[{"id":2492,"href":"https:\/\/mek-tex.com\/en\/wp-json\/wp\/v2\/product\/2485\/revisions\/2492"}],"wp:featuredmedia":[{"embeddable":true,"href":"https:\/\/mek-tex.com\/en\/wp-json\/wp\/v2\/media\/2487"}],"wp:attachment":[{"href":"https:\/\/mek-tex.com\/en\/wp-json\/wp\/v2\/media?parent=2485"}],"wp:term":[{"taxonomy":"brand","embeddable":true,"href":"https:\/\/mek-tex.com\/en\/wp-json\/wp\/v2\/etheme_brands?post=2485"},{"taxonomy":"product_brand","embeddable":true,"href":"https:\/\/mek-tex.com\/en\/wp-json\/wp\/v2\/product_brand?post=2485"},{"taxonomy":"product_cat","embeddable":true,"href":"https:\/\/mek-tex.com\/en\/wp-json\/wp\/v2\/product_cat?post=2485"},{"taxonomy":"product_tag","embeddable":true,"href":"https:\/\/mek-tex.com\/en\/wp-json\/wp\/v2\/product_tag?post=2485"}],"curies":[{"name":"wp","href":"https:\/\/api.w.org\/{rel}","templated":true}]}}