{"id":2498,"date":"2026-02-09T10:07:20","date_gmt":"2026-02-09T03:07:20","guid":{"rendered":"https:\/\/mek-tex.com\/?post_type=product&#038;p=2498"},"modified":"2026-02-10T12:47:21","modified_gmt":"2026-02-10T05:47:21","slug":"sofa-1s-mk0044","status":"publish","type":"product","link":"https:\/\/mek-tex.com\/en\/product\/sofa-1s-mk0044\/","title":{"rendered":"SOFA 1S &#8211; MK0044"},"content":{"rendered":"<p>&#8211; M\u00e3 s\u1ea3n ph\u1ea9m: MK0044<br \/>\n&#8211; V\u1eadt li\u1ec7u ch\u00ednh<\/p>\n<ul>\n<li>Khung g\u1ed7 th\u00f4ng, v\u00e1n \u00e9p<\/li>\n<li>Mousse T<\/li>\n<li>V\u1ea3i l\u00f4ng c\u1eebu n\u00e2u 078 K1.5<\/li>\n<li>Mech s\u1eaft quay 360 \u0111\u1ed9<\/li>\n<\/ul>","protected":false},"excerpt":{"rendered":"<p>&#8211; M\u00e3 s\u1ea3n ph\u1ea9m: MK0044<br \/>\n&#8211; V\u1eadt li\u1ec7u ch\u00ednh<\/p>\n<ul>\n<li>Khung g\u1ed7 th\u00f4ng, v\u00e1n \u00e9p<\/li>\n<li>Mousse T<\/li>\n<li>V\u1ea3i l\u00f4ng c\u1eebu n\u00e2u 078 K1.5<\/li>\n<li>Mech s\u1eaft quay 360 \u0111\u1ed9<\/li>\n<\/ul>","protected":false},"featured_media":2500,"comment_status":"open","ping_status":"closed","template":"","meta":[],"etheme_brands":[],"product_brand":[],"product_cat":[69,68],"product_tag":[],"class_list":{"0":"post-2498","1":"product","2":"type-product","3":"status-publish","4":"has-post-thumbnail","6":"product_cat-ban-ghe","7":"product_cat-noi-that","9":"first","10":"instock","11":"shipping-taxable","12":"product-type-simple"},"_links":{"self":[{"href":"https:\/\/mek-tex.com\/en\/wp-json\/wp\/v2\/product\/2498","targetHints":{"allow":["GET"]}}],"collection":[{"href":"https:\/\/mek-tex.com\/en\/wp-json\/wp\/v2\/product"}],"about":[{"href":"https:\/\/mek-tex.com\/en\/wp-json\/wp\/v2\/types\/product"}],"replies":[{"embeddable":true,"href":"https:\/\/mek-tex.com\/en\/wp-json\/wp\/v2\/comments?post=2498"}],"version-history":[{"count":1,"href":"https:\/\/mek-tex.com\/en\/wp-json\/wp\/v2\/product\/2498\/revisions"}],"predecessor-version":[{"id":2502,"href":"https:\/\/mek-tex.com\/en\/wp-json\/wp\/v2\/product\/2498\/revisions\/2502"}],"wp:featuredmedia":[{"embeddable":true,"href":"https:\/\/mek-tex.com\/en\/wp-json\/wp\/v2\/media\/2500"}],"wp:attachment":[{"href":"https:\/\/mek-tex.com\/en\/wp-json\/wp\/v2\/media?parent=2498"}],"wp:term":[{"taxonomy":"brand","embeddable":true,"href":"https:\/\/mek-tex.com\/en\/wp-json\/wp\/v2\/etheme_brands?post=2498"},{"taxonomy":"product_brand","embeddable":true,"href":"https:\/\/mek-tex.com\/en\/wp-json\/wp\/v2\/product_brand?post=2498"},{"taxonomy":"product_cat","embeddable":true,"href":"https:\/\/mek-tex.com\/en\/wp-json\/wp\/v2\/product_cat?post=2498"},{"taxonomy":"product_tag","embeddable":true,"href":"https:\/\/mek-tex.com\/en\/wp-json\/wp\/v2\/product_tag?post=2498"}],"curies":[{"name":"wp","href":"https:\/\/api.w.org\/{rel}","templated":true}]}}