{"id":2503,"date":"2026-02-09T10:17:15","date_gmt":"2026-02-09T03:17:15","guid":{"rendered":"https:\/\/mek-tex.com\/?post_type=product&#038;p=2503"},"modified":"2026-02-10T12:06:30","modified_gmt":"2026-02-10T05:06:30","slug":"sofa-thu-gian-dien-1s-mk0045","status":"publish","type":"product","link":"https:\/\/mek-tex.com\/en\/product\/sofa-thu-gian-dien-1s-mk0045\/","title":{"rendered":"POWER 1-SEATER RECLINER SOFA \u2013 MK0045"},"content":{"rendered":"<p>&#8211; M\u00e3 s\u1ea3n ph\u1ea9m: MK0045<br \/>\n&#8211; V\u1eadt li\u1ec7u ch\u00ednh<\/p>\n<ul>\n<li>Khung g\u1ed7 th\u00f4ng, v\u00e1n \u00e9p<\/li>\n<li>Mousse T<\/li>\n<li>Da c\u00f4ng nghi\u1ec7p (Microfiber) VK904 K1.4 (Ch\u1ed1ng tr\u1ea7y, ch\u1ed1ng ch\u00e1y M\u1ef9)<\/li>\n<li>Mech s\u1eaft \u0111i\u1ec7n<\/li>\n<\/ul>","protected":false},"excerpt":{"rendered":"<p>&#8211; M\u00e3 s\u1ea3n ph\u1ea9m: MK0045<br \/>\n&#8211; V\u1eadt li\u1ec7u ch\u00ednh<\/p>\n<ul>\n<li>Khung g\u1ed7 th\u00f4ng, v\u00e1n \u00e9p<\/li>\n<li>Mousse T<\/li>\n<li>Da c\u00f4ng nghi\u1ec7p (Microfiber) VK904 K1.4 (Ch\u1ed1ng tr\u1ea7y, ch\u1ed1ng ch\u00e1y M\u1ef9)<\/li>\n<li>Mech s\u1eaft \u0111i\u1ec7n<\/li>\n<\/ul>","protected":false},"featured_media":2506,"comment_status":"open","ping_status":"closed","template":"","meta":[],"etheme_brands":[],"product_brand":[],"product_cat":[69,68,85],"product_tag":[],"class_list":{"0":"post-2503","1":"product","2":"type-product","3":"status-publish","4":"has-post-thumbnail","6":"product_cat-ban-ghe","7":"product_cat-noi-that","8":"product_cat-san-pham-moi","10":"first","11":"instock","12":"shipping-taxable","13":"product-type-simple"},"_links":{"self":[{"href":"https:\/\/mek-tex.com\/en\/wp-json\/wp\/v2\/product\/2503","targetHints":{"allow":["GET"]}}],"collection":[{"href":"https:\/\/mek-tex.com\/en\/wp-json\/wp\/v2\/product"}],"about":[{"href":"https:\/\/mek-tex.com\/en\/wp-json\/wp\/v2\/types\/product"}],"replies":[{"embeddable":true,"href":"https:\/\/mek-tex.com\/en\/wp-json\/wp\/v2\/comments?post=2503"}],"version-history":[{"count":1,"href":"https:\/\/mek-tex.com\/en\/wp-json\/wp\/v2\/product\/2503\/revisions"}],"predecessor-version":[{"id":2507,"href":"https:\/\/mek-tex.com\/en\/wp-json\/wp\/v2\/product\/2503\/revisions\/2507"}],"wp:featuredmedia":[{"embeddable":true,"href":"https:\/\/mek-tex.com\/en\/wp-json\/wp\/v2\/media\/2506"}],"wp:attachment":[{"href":"https:\/\/mek-tex.com\/en\/wp-json\/wp\/v2\/media?parent=2503"}],"wp:term":[{"taxonomy":"brand","embeddable":true,"href":"https:\/\/mek-tex.com\/en\/wp-json\/wp\/v2\/etheme_brands?post=2503"},{"taxonomy":"product_brand","embeddable":true,"href":"https:\/\/mek-tex.com\/en\/wp-json\/wp\/v2\/product_brand?post=2503"},{"taxonomy":"product_cat","embeddable":true,"href":"https:\/\/mek-tex.com\/en\/wp-json\/wp\/v2\/product_cat?post=2503"},{"taxonomy":"product_tag","embeddable":true,"href":"https:\/\/mek-tex.com\/en\/wp-json\/wp\/v2\/product_tag?post=2503"}],"curies":[{"name":"wp","href":"https:\/\/api.w.org\/{rel}","templated":true}]}}