{"id":2514,"date":"2026-02-09T10:47:36","date_gmt":"2026-02-09T03:47:36","guid":{"rendered":"https:\/\/mek-tex.com\/?post_type=product&#038;p=2514"},"modified":"2026-02-10T12:06:29","modified_gmt":"2026-02-10T05:06:29","slug":"sofa-1s-mk0048","status":"publish","type":"product","link":"https:\/\/mek-tex.com\/en\/product\/sofa-1s-mk0048\/","title":{"rendered":"SOFA 1S &#8211; MK0048"},"content":{"rendered":"<p>&#8211; M\u00e3 s\u1ea3n ph\u1ea9m: <span data-sheets-root=\"1\">MK0048<\/span><br \/>\n&#8211; V\u1eadt li\u1ec7u ch\u00ednh<\/p>\n<ul>\n<li><span data-sheets-root=\"1\">Khung g\u1ed7 th\u00f4ng, v\u00e1n \u00e9p<\/span><\/li>\n<li><span data-sheets-root=\"1\">Mousse T<\/span><\/li>\n<li><span data-sheets-root=\"1\">V\u1ea3i b\u1ed1 h\u1ecda ti\u1ebft Martini 074 K1.4 (Polyester 60%, Olefin 40%)<\/span><\/li>\n<li><span data-sheets-root=\"1\">Ch\u00e2n g\u1ed7<\/span><\/li>\n<\/ul>","protected":false},"excerpt":{"rendered":"<p>&#8211; M\u00e3 s\u1ea3n ph\u1ea9m: <span data-sheets-root=\"1\">MK0048<\/span><br \/>\n&#8211; V\u1eadt li\u1ec7u ch\u00ednh<\/p>\n<ul>\n<li><span data-sheets-root=\"1\">Khung g\u1ed7 th\u00f4ng, v\u00e1n \u00e9p<\/span><\/li>\n<li><span data-sheets-root=\"1\">Mousse T<\/span><\/li>\n<li><span data-sheets-root=\"1\">V\u1ea3i b\u1ed1 h\u1ecda ti\u1ebft Martini 074 K1.4 (Polyester 60%, Olefin 40%)<\/span><\/li>\n<li><span data-sheets-root=\"1\">Ch\u00e2n g\u1ed7<\/span><\/li>\n<\/ul>","protected":false},"featured_media":2517,"comment_status":"open","ping_status":"closed","template":"","meta":[],"etheme_brands":[],"product_brand":[],"product_cat":[83,69,68,85],"product_tag":[],"class_list":{"0":"post-2514","1":"product","2":"type-product","3":"status-publish","4":"has-post-thumbnail","6":"product_cat-ban-chay","7":"product_cat-ban-ghe","8":"product_cat-noi-that","9":"product_cat-san-pham-moi","11":"first","12":"instock","13":"shipping-taxable","14":"product-type-simple"},"_links":{"self":[{"href":"https:\/\/mek-tex.com\/en\/wp-json\/wp\/v2\/product\/2514","targetHints":{"allow":["GET"]}}],"collection":[{"href":"https:\/\/mek-tex.com\/en\/wp-json\/wp\/v2\/product"}],"about":[{"href":"https:\/\/mek-tex.com\/en\/wp-json\/wp\/v2\/types\/product"}],"replies":[{"embeddable":true,"href":"https:\/\/mek-tex.com\/en\/wp-json\/wp\/v2\/comments?post=2514"}],"version-history":[{"count":1,"href":"https:\/\/mek-tex.com\/en\/wp-json\/wp\/v2\/product\/2514\/revisions"}],"predecessor-version":[{"id":2519,"href":"https:\/\/mek-tex.com\/en\/wp-json\/wp\/v2\/product\/2514\/revisions\/2519"}],"wp:featuredmedia":[{"embeddable":true,"href":"https:\/\/mek-tex.com\/en\/wp-json\/wp\/v2\/media\/2517"}],"wp:attachment":[{"href":"https:\/\/mek-tex.com\/en\/wp-json\/wp\/v2\/media?parent=2514"}],"wp:term":[{"taxonomy":"brand","embeddable":true,"href":"https:\/\/mek-tex.com\/en\/wp-json\/wp\/v2\/etheme_brands?post=2514"},{"taxonomy":"product_brand","embeddable":true,"href":"https:\/\/mek-tex.com\/en\/wp-json\/wp\/v2\/product_brand?post=2514"},{"taxonomy":"product_cat","embeddable":true,"href":"https:\/\/mek-tex.com\/en\/wp-json\/wp\/v2\/product_cat?post=2514"},{"taxonomy":"product_tag","embeddable":true,"href":"https:\/\/mek-tex.com\/en\/wp-json\/wp\/v2\/product_tag?post=2514"}],"curies":[{"name":"wp","href":"https:\/\/api.w.org\/{rel}","templated":true}]}}