{"id":2520,"date":"2026-02-09T10:59:43","date_gmt":"2026-02-09T03:59:43","guid":{"rendered":"https:\/\/mek-tex.com\/?post_type=product&#038;p=2520"},"modified":"2026-02-10T12:06:29","modified_gmt":"2026-02-10T05:06:29","slug":"sofa-1s-ottoman-mk0051","status":"publish","type":"product","link":"https:\/\/mek-tex.com\/en\/product\/sofa-1s-ottoman-mk0051\/","title":{"rendered":"SOFA 1S, OTTOMAN &#8211; MK0051"},"content":{"rendered":"<p>&#8211; M\u00e3 s\u1ea3n ph\u1ea9m: MK0051<br \/>\n&#8211; V\u1eadt li\u1ec7u ch\u00ednh<\/p>\n<ul>\n<li>Khung g\u1ed7 th\u00f4ng, v\u00e1n \u00e9p<\/li>\n<li>Mousse T<\/li>\n<li>V\u1ea3i nhung K1.45 HL #006-33_YN<\/li>\n<li>Ch\u00e2n nh\u1ef1a<\/li>\n<\/ul>","protected":false},"excerpt":{"rendered":"<p>&#8211; M\u00e3 s\u1ea3n ph\u1ea9m: MK0051<br \/>\n&#8211; V\u1eadt li\u1ec7u ch\u00ednh<\/p>\n<ul>\n<li>Khung g\u1ed7 th\u00f4ng, v\u00e1n \u00e9p<\/li>\n<li>Mousse T<\/li>\n<li>V\u1ea3i nhung K1.45 HL #006-33_YN<\/li>\n<li>Ch\u00e2n nh\u1ef1a<\/li>\n<\/ul>","protected":false},"featured_media":2521,"comment_status":"open","ping_status":"closed","template":"","meta":[],"etheme_brands":[],"product_brand":[],"product_cat":[83,69,68,85],"product_tag":[],"class_list":{"0":"post-2520","1":"product","2":"type-product","3":"status-publish","4":"has-post-thumbnail","6":"product_cat-ban-chay","7":"product_cat-ban-ghe","8":"product_cat-noi-that","9":"product_cat-san-pham-moi","11":"first","12":"instock","13":"shipping-taxable","14":"product-type-simple"},"_links":{"self":[{"href":"https:\/\/mek-tex.com\/en\/wp-json\/wp\/v2\/product\/2520","targetHints":{"allow":["GET"]}}],"collection":[{"href":"https:\/\/mek-tex.com\/en\/wp-json\/wp\/v2\/product"}],"about":[{"href":"https:\/\/mek-tex.com\/en\/wp-json\/wp\/v2\/types\/product"}],"replies":[{"embeddable":true,"href":"https:\/\/mek-tex.com\/en\/wp-json\/wp\/v2\/comments?post=2520"}],"version-history":[{"count":1,"href":"https:\/\/mek-tex.com\/en\/wp-json\/wp\/v2\/product\/2520\/revisions"}],"predecessor-version":[{"id":2523,"href":"https:\/\/mek-tex.com\/en\/wp-json\/wp\/v2\/product\/2520\/revisions\/2523"}],"wp:featuredmedia":[{"embeddable":true,"href":"https:\/\/mek-tex.com\/en\/wp-json\/wp\/v2\/media\/2521"}],"wp:attachment":[{"href":"https:\/\/mek-tex.com\/en\/wp-json\/wp\/v2\/media?parent=2520"}],"wp:term":[{"taxonomy":"brand","embeddable":true,"href":"https:\/\/mek-tex.com\/en\/wp-json\/wp\/v2\/etheme_brands?post=2520"},{"taxonomy":"product_brand","embeddable":true,"href":"https:\/\/mek-tex.com\/en\/wp-json\/wp\/v2\/product_brand?post=2520"},{"taxonomy":"product_cat","embeddable":true,"href":"https:\/\/mek-tex.com\/en\/wp-json\/wp\/v2\/product_cat?post=2520"},{"taxonomy":"product_tag","embeddable":true,"href":"https:\/\/mek-tex.com\/en\/wp-json\/wp\/v2\/product_tag?post=2520"}],"curies":[{"name":"wp","href":"https:\/\/api.w.org\/{rel}","templated":true}]}}