{"id":2532,"date":"2026-02-09T11:39:16","date_gmt":"2026-02-09T04:39:16","guid":{"rendered":"https:\/\/mek-tex.com\/?post_type=product&#038;p=2532"},"modified":"2026-02-10T12:45:13","modified_gmt":"2026-02-10T05:45:13","slug":"sofa-1s-mk0055","status":"publish","type":"product","link":"https:\/\/mek-tex.com\/en\/product\/sofa-1s-mk0055\/","title":{"rendered":"SOFA 1S &#8211; MK0055"},"content":{"rendered":"<p>&#8211; M\u00e3 s\u1ea3n ph\u1ea9m: MK0055<br \/>\n&#8211; V\u1eadt li\u1ec7u ch\u00ednh<\/p>\n<ul>\n<li>Khung g\u1ed7 th\u00f4ng, v\u00e1n \u00e9p<\/li>\n<li>Mousse T<\/li>\n<li>Simili V823, kh\u1ed5 1.4m<\/li>\n<li>Ch\u00e2n g\u1ed7<\/li>\n<\/ul>","protected":false},"excerpt":{"rendered":"<p>&#8211; M\u00e3 s\u1ea3n ph\u1ea9m: MK0055<br \/>\n&#8211; V\u1eadt li\u1ec7u ch\u00ednh<\/p>\n<ul>\n<li>Khung g\u1ed7 th\u00f4ng, v\u00e1n \u00e9p<\/li>\n<li>Mousse T<\/li>\n<li>Simili V823, kh\u1ed5 1.4m<\/li>\n<li>Ch\u00e2n g\u1ed7<\/li>\n<\/ul>","protected":false},"featured_media":2533,"comment_status":"open","ping_status":"closed","template":"","meta":[],"etheme_brands":[],"product_brand":[],"product_cat":[69,68,85],"product_tag":[],"class_list":{"0":"post-2532","1":"product","2":"type-product","3":"status-publish","4":"has-post-thumbnail","6":"product_cat-ban-ghe","7":"product_cat-noi-that","8":"product_cat-san-pham-moi","10":"first","11":"instock","12":"shipping-taxable","13":"product-type-simple"},"_links":{"self":[{"href":"https:\/\/mek-tex.com\/en\/wp-json\/wp\/v2\/product\/2532","targetHints":{"allow":["GET"]}}],"collection":[{"href":"https:\/\/mek-tex.com\/en\/wp-json\/wp\/v2\/product"}],"about":[{"href":"https:\/\/mek-tex.com\/en\/wp-json\/wp\/v2\/types\/product"}],"replies":[{"embeddable":true,"href":"https:\/\/mek-tex.com\/en\/wp-json\/wp\/v2\/comments?post=2532"}],"version-history":[{"count":1,"href":"https:\/\/mek-tex.com\/en\/wp-json\/wp\/v2\/product\/2532\/revisions"}],"predecessor-version":[{"id":2537,"href":"https:\/\/mek-tex.com\/en\/wp-json\/wp\/v2\/product\/2532\/revisions\/2537"}],"wp:featuredmedia":[{"embeddable":true,"href":"https:\/\/mek-tex.com\/en\/wp-json\/wp\/v2\/media\/2533"}],"wp:attachment":[{"href":"https:\/\/mek-tex.com\/en\/wp-json\/wp\/v2\/media?parent=2532"}],"wp:term":[{"taxonomy":"brand","embeddable":true,"href":"https:\/\/mek-tex.com\/en\/wp-json\/wp\/v2\/etheme_brands?post=2532"},{"taxonomy":"product_brand","embeddable":true,"href":"https:\/\/mek-tex.com\/en\/wp-json\/wp\/v2\/product_brand?post=2532"},{"taxonomy":"product_cat","embeddable":true,"href":"https:\/\/mek-tex.com\/en\/wp-json\/wp\/v2\/product_cat?post=2532"},{"taxonomy":"product_tag","embeddable":true,"href":"https:\/\/mek-tex.com\/en\/wp-json\/wp\/v2\/product_tag?post=2532"}],"curies":[{"name":"wp","href":"https:\/\/api.w.org\/{rel}","templated":true}]}}