{"id":2565,"date":"2026-02-09T12:58:09","date_gmt":"2026-02-09T05:58:09","guid":{"rendered":"https:\/\/mek-tex.com\/?post_type=product&#038;p=2565"},"modified":"2026-02-09T12:58:10","modified_gmt":"2026-02-09T05:58:10","slug":"sofa-2s-dien-mk0063","status":"publish","type":"product","link":"https:\/\/mek-tex.com\/en\/product\/sofa-2s-dien-mk0063\/","title":{"rendered":"2S ELECTRIC SOFA \u2013 MK0063"},"content":{"rendered":"<p>&#8211; M\u00e3 s\u1ea3n ph\u1ea9m: MK0063<br \/>\n&#8211; V\u1eadt li\u1ec7u ch\u00ednh<\/p>\n<ul>\n<li>Khung g\u1ed7 th\u00f4ng, v\u00e1n \u00e9p<\/li>\n<li>Mousse T<\/li>\n<li>V\u1ea3i Polyester #3290, 320gr\/m2, Kh\u1ed5 1.45<\/li>\n<li>Khung ng\u1ed3i \u0111i\u1ec7n<\/li>\n<li>Ch\u00e2n g\u1ed7<\/li>\n<\/ul>","protected":false},"excerpt":{"rendered":"<p>&#8211; M\u00e3 s\u1ea3n ph\u1ea9m: MK0063<br \/>\n&#8211; V\u1eadt li\u1ec7u ch\u00ednh<\/p>\n<ul>\n<li>Khung g\u1ed7 th\u00f4ng, v\u00e1n \u00e9p<\/li>\n<li>Mousse T<\/li>\n<li>V\u1ea3i Polyester #3290, 320gr\/m2, Kh\u1ed5 1.45<\/li>\n<li>Khung ng\u1ed3i \u0111i\u1ec7n<\/li>\n<li>Ch\u00e2n g\u1ed7<\/li>\n<\/ul>","protected":false},"featured_media":2567,"comment_status":"open","ping_status":"closed","template":"","meta":[],"etheme_brands":[],"product_brand":[],"product_cat":[69,68],"product_tag":[],"class_list":{"0":"post-2565","1":"product","2":"type-product","3":"status-publish","4":"has-post-thumbnail","6":"product_cat-ban-ghe","7":"product_cat-noi-that","9":"first","10":"instock","11":"shipping-taxable","12":"product-type-simple"},"_links":{"self":[{"href":"https:\/\/mek-tex.com\/en\/wp-json\/wp\/v2\/product\/2565","targetHints":{"allow":["GET"]}}],"collection":[{"href":"https:\/\/mek-tex.com\/en\/wp-json\/wp\/v2\/product"}],"about":[{"href":"https:\/\/mek-tex.com\/en\/wp-json\/wp\/v2\/types\/product"}],"replies":[{"embeddable":true,"href":"https:\/\/mek-tex.com\/en\/wp-json\/wp\/v2\/comments?post=2565"}],"version-history":[{"count":2,"href":"https:\/\/mek-tex.com\/en\/wp-json\/wp\/v2\/product\/2565\/revisions"}],"predecessor-version":[{"id":2571,"href":"https:\/\/mek-tex.com\/en\/wp-json\/wp\/v2\/product\/2565\/revisions\/2571"}],"wp:featuredmedia":[{"embeddable":true,"href":"https:\/\/mek-tex.com\/en\/wp-json\/wp\/v2\/media\/2567"}],"wp:attachment":[{"href":"https:\/\/mek-tex.com\/en\/wp-json\/wp\/v2\/media?parent=2565"}],"wp:term":[{"taxonomy":"brand","embeddable":true,"href":"https:\/\/mek-tex.com\/en\/wp-json\/wp\/v2\/etheme_brands?post=2565"},{"taxonomy":"product_brand","embeddable":true,"href":"https:\/\/mek-tex.com\/en\/wp-json\/wp\/v2\/product_brand?post=2565"},{"taxonomy":"product_cat","embeddable":true,"href":"https:\/\/mek-tex.com\/en\/wp-json\/wp\/v2\/product_cat?post=2565"},{"taxonomy":"product_tag","embeddable":true,"href":"https:\/\/mek-tex.com\/en\/wp-json\/wp\/v2\/product_tag?post=2565"}],"curies":[{"name":"wp","href":"https:\/\/api.w.org\/{rel}","templated":true}]}}